{"id":36811,"date":"2025-10-21T03:46:14","date_gmt":"2025-10-21T03:46:14","guid":{"rendered":"https:\/\/finkalo.com\/?page_id=36811"},"modified":"2025-11-02T18:24:00","modified_gmt":"2025-11-02T23:24:00","slug":"sobre-nosotros","status":"publish","type":"page","link":"https:\/\/finkalo.com\/es\/sobre-nosotros\/","title":{"rendered":"Sobre nosotros"},"content":{"rendered":"<div data-elementor-type=\"wp-page\" data-elementor-id=\"36811\" class=\"elementor elementor-36811\">\n\t\t\t\t<div class=\"elementor-element elementor-element-cadb073 e-flex e-con-boxed e-con e-parent\" data-id=\"cadb073\" data-element_type=\"container\" data-e-type=\"container\">\n\t\t\t\t\t<div class=\"e-con-inner\">\n\t\t\t\t<div class=\"elementor-element elementor-element-3cb7728 elementor-widget elementor-widget-text-editor\" data-id=\"3cb7728\" data-element_type=\"widget\" data-e-type=\"widget\" data-widget_type=\"text-editor.default\">\n\t\t\t\t\t\t\t\t\t<p>\ud83c\udfe1 Sobre Finkalo<\/p><p>En Finkalo conectamos a los due\u00f1os de propiedades con viajeros que buscan experiencias aut\u00e9nticas y c\u00f3modas.<br \/>Somos una plataforma de reservas especializada en fincas, casas campestres, quintas, glampings, villas y caba\u00f1as, dise\u00f1ada para ofrecerte un acceso r\u00e1pido, sencillo y sin complicaciones.<\/p><p>Nuestro objetivo es que tanto anfitriones como hu\u00e9spedes disfruten de una experiencia fluida, segura y confiable.<br \/>Priorizamos el soporte humano, la atenci\u00f3n personalizada y la transparencia en cada reserva, porque creemos que la confianza es la base de todo.<\/p><p>En Finkalo no solo gestionamos propiedades:<br \/>somos una familia, un equipo comprometido con hacer que cada estad\u00eda sea inolvidable y que cada anfitri\u00f3n crezca junto a nosotros.<\/p><p>\ud83c\udf0e Nacimos en Colombia, con la visi\u00f3n de transformar la manera en que las personas se conectan con los espacios y la naturaleza.<br \/>Pr\u00f3ximamente estaremos en toda Latinoam\u00e9rica y en el mundo, creando una comunidad global de hospitalidad, experiencias y confianza.<\/p><p>Finkalo<br \/>Tu pr\u00f3xima experiencia comienza aqu\u00ed.<\/p>\t\t\t\t\t\t\t\t<\/div>\n\t\t\t\t\t<\/div>\n\t\t\t\t<\/div>\n\t\t<div class=\"elementor-element elementor-element-943a8ff e-flex e-con-boxed e-con e-parent\" data-id=\"943a8ff\" data-element_type=\"container\" data-e-type=\"container\">\n\t\t\t\t\t<div class=\"e-con-inner\">\n\t\t\t\t<div class=\"elementor-element elementor-element-6afebaf elementor-icon-list--layout-traditional elementor-list-item-link-full_width elementor-widget elementor-widget-icon-list\" data-id=\"6afebaf\" data-element_type=\"widget\" data-e-type=\"widget\" data-widget_type=\"icon-list.default\">\n\t\t\t\t\t\t\t<ul class=\"elementor-icon-list-items\">\n\t\t\t\t\t\t\t<li class=\"elementor-icon-list-item\">\n\t\t\t\t\t\t\t\t\t\t\t<a href=\"https:\/\/finkalo.com\/politicas-de-privacidad\/\">\n\n\t\t\t\t\t\t\t\t\t\t\t\t<span class=\"elementor-icon-list-icon\">\n\t\t\t\t\t\t\t<svg aria-hidden=\"true\" class=\"e-font-icon-svg e-fas-check\" viewbox=\"0 0 512 512\" xmlns=\"http:\/\/www.w3.org\/2000\/svg\"><path d=\"M173.898 439.404l-166.4-166.4c-9.997-9.997-9.997-26.206 0-36.204l36.203-36.204c9.997-9.998 26.207-9.998 36.204 0L192 312.69 432.095 72.596c9.997-9.997 26.207-9.997 36.204 0l36.203 36.204c9.997 9.997 9.997 26.206 0 36.204l-294.4 294.401c-9.998 9.997-26.207 9.997-36.204-.001z\"><\/path><\/svg>\t\t\t\t\t\t<\/span>\n\t\t\t\t\t\t\t\t\t\t<span class=\"elementor-icon-list-text\">Pol\u00edticas de privacidad <\/span>\n\t\t\t\t\t\t\t\t\t\t\t<\/a>\n\t\t\t\t\t\t\t\t\t<\/li>\n\t\t\t\t\t\t\t\t<li class=\"elementor-icon-list-item\">\n\t\t\t\t\t\t\t\t\t\t\t<a href=\"https:\/\/finkalo.com\/politicas-de-cancelacion-y-reembolso\/\">\n\n\t\t\t\t\t\t\t\t\t\t\t\t<span class=\"elementor-icon-list-icon\">\n\t\t\t\t\t\t\t<svg aria-hidden=\"true\" class=\"e-font-icon-svg e-fas-check\" viewbox=\"0 0 512 512\" xmlns=\"http:\/\/www.w3.org\/2000\/svg\"><path d=\"M173.898 439.404l-166.4-166.4c-9.997-9.997-9.997-26.206 0-36.204l36.203-36.204c9.997-9.998 26.207-9.998 36.204 0L192 312.69 432.095 72.596c9.997-9.997 26.207-9.997 36.204 0l36.203 36.204c9.997 9.997 9.997 26.206 0 36.204l-294.4 294.401c-9.998 9.997-26.207 9.997-36.204-.001z\"><\/path><\/svg>\t\t\t\t\t\t<\/span>\n\t\t\t\t\t\t\t\t\t\t<span class=\"elementor-icon-list-text\">Pol\u00edticas de cancelaci\u00f3n y reembolso<\/span>\n\t\t\t\t\t\t\t\t\t\t\t<\/a>\n\t\t\t\t\t\t\t\t\t<\/li>\n\t\t\t\t\t\t\t\t<li class=\"elementor-icon-list-item\">\n\t\t\t\t\t\t\t\t\t\t\t<a href=\"https:\/\/finkalo.com\/terminos-y-condiciones\/\">\n\n\t\t\t\t\t\t\t\t\t\t\t\t<span class=\"elementor-icon-list-icon\">\n\t\t\t\t\t\t\t<svg aria-hidden=\"true\" class=\"e-font-icon-svg e-fas-check\" viewbox=\"0 0 512 512\" xmlns=\"http:\/\/www.w3.org\/2000\/svg\"><path d=\"M173.898 439.404l-166.4-166.4c-9.997-9.997-9.997-26.206 0-36.204l36.203-36.204c9.997-9.998 26.207-9.998 36.204 0L192 312.69 432.095 72.596c9.997-9.997 26.207-9.997 36.204 0l36.203 36.204c9.997 9.997 9.997 26.206 0 36.204l-294.4 294.401c-9.998 9.997-26.207 9.997-36.204-.001z\"><\/path><\/svg>\t\t\t\t\t\t<\/span>\n\t\t\t\t\t\t\t\t\t\t<span class=\"elementor-icon-list-text\">T\u00e9rminos y condiciones <\/span>\n\t\t\t\t\t\t\t\t\t\t\t<\/a>\n\t\t\t\t\t\t\t\t\t<\/li>\n\t\t\t\t\t\t\t\t<li class=\"elementor-icon-list-item\">\n\t\t\t\t\t\t\t\t\t\t\t<a href=\"https:\/\/finkalo.com\/politicas-de-cookies\/\">\n\n\t\t\t\t\t\t\t\t\t\t\t\t<span class=\"elementor-icon-list-icon\">\n\t\t\t\t\t\t\t<svg aria-hidden=\"true\" class=\"e-font-icon-svg e-fas-check\" viewbox=\"0 0 512 512\" xmlns=\"http:\/\/www.w3.org\/2000\/svg\"><path d=\"M173.898 439.404l-166.4-166.4c-9.997-9.997-9.997-26.206 0-36.204l36.203-36.204c9.997-9.998 26.207-9.998 36.204 0L192 312.69 432.095 72.596c9.997-9.997 26.207-9.997 36.204 0l36.203 36.204c9.997 9.997 9.997 26.206 0 36.204l-294.4 294.401c-9.998 9.997-26.207 9.997-36.204-.001z\"><\/path><\/svg>\t\t\t\t\t\t<\/span>\n\t\t\t\t\t\t\t\t\t\t<span class=\"elementor-icon-list-text\">Pol\u00edticas de cookies<\/span>\n\t\t\t\t\t\t\t\t\t\t\t<\/a>\n\t\t\t\t\t\t\t\t\t<\/li>\n\t\t\t\t\t\t\t\t<li class=\"elementor-icon-list-item\">\n\t\t\t\t\t\t\t\t\t\t\t<a href=\"https:\/\/finkalo.com\/?page_id=37611\">\n\n\t\t\t\t\t\t\t\t\t\t\t\t<span class=\"elementor-icon-list-icon\">\n\t\t\t\t\t\t\t<svg aria-hidden=\"true\" class=\"e-font-icon-svg e-fas-check\" viewbox=\"0 0 512 512\" xmlns=\"http:\/\/www.w3.org\/2000\/svg\"><path d=\"M173.898 439.404l-166.4-166.4c-9.997-9.997-9.997-26.206 0-36.204l36.203-36.204c9.997-9.998 26.207-9.998 36.204 0L192 312.69 432.095 72.596c9.997-9.997 26.207-9.997 36.204 0l36.203 36.204c9.997 9.997 9.997 26.206 0 36.204l-294.4 294.401c-9.998 9.997-26.207 9.997-36.204-.001z\"><\/path><\/svg>\t\t\t\t\t\t<\/span>\n\t\t\t\t\t\t\t\t\t\t<span class=\"elementor-icon-list-text\">Informaci\u00f3n adicional <\/span>\n\t\t\t\t\t\t\t\t\t\t\t<\/a>\n\t\t\t\t\t\t\t\t\t<\/li>\n\t\t\t\t\t\t\t\t<li class=\"elementor-icon-list-item\">\n\t\t\t\t\t\t\t\t\t\t\t<a href=\"https:\/\/finkalo.com\/?page_id=37623\">\n\n\t\t\t\t\t\t\t\t\t\t\t\t<span class=\"elementor-icon-list-icon\">\n\t\t\t\t\t\t\t<svg aria-hidden=\"true\" class=\"e-font-icon-svg e-fas-check\" viewbox=\"0 0 512 512\" xmlns=\"http:\/\/www.w3.org\/2000\/svg\"><path d=\"M173.898 439.404l-166.4-166.4c-9.997-9.997-9.997-26.206 0-36.204l36.203-36.204c9.997-9.998 26.207-9.998 36.204 0L192 312.69 432.095 72.596c9.997-9.997 26.207-9.997 36.204 0l36.203 36.204c9.997 9.997 9.997 26.206 0 36.204l-294.4 294.401c-9.998 9.997-26.207 9.997-36.204-.001z\"><\/path><\/svg>\t\t\t\t\t\t<\/span>\n\t\t\t\t\t\t\t\t\t\t<span class=\"elementor-icon-list-text\">Informaci\u00f3n legal<\/span>\n\t\t\t\t\t\t\t\t\t\t\t<\/a>\n\t\t\t\t\t\t\t\t\t<\/li>\n\t\t\t\t\t\t<\/ul>\n\t\t\t\t\t\t<\/div>\n\t\t\t\t\t<\/div>\n\t\t\t\t<\/div>\n\t\t\t\t<\/div>","protected":false},"excerpt":{"rendered":"<p>\ud83c\udfe1 Sobre Finkalo En Finkalo conectamos a los due\u00f1os de propiedades con viajeros que buscan experiencias aut\u00e9nticas y c\u00f3modas.Somos una plataforma de reservas especializada en fincas, casas campestres, quintas, glampings, villas y caba\u00f1as, dise\u00f1ada para ofrecerte un acceso r\u00e1pido, sencillo y sin complicaciones. Nuestro objetivo es que tanto anfitriones como hu\u00e9spedes disfruten de una experiencia &#8230;<\/p>","protected":false},"author":1,"featured_media":0,"parent":0,"menu_order":0,"comment_status":"closed","ping_status":"closed","template":"","meta":{"inline_featured_image":false,"footnotes":""},"class_list":["post-36811","page","type-page","status-publish","hentry"],"yoast_head":"<!-- This site is optimized with the Yoast SEO plugin v27.2 - https:\/\/yoast.com\/product\/yoast-seo-wordpress\/ -->\n<title>Sobre nosotros - finkalo.com<\/title>\n<meta name=\"robots\" content=\"index, follow, max-snippet:-1, max-image-preview:large, max-video-preview:-1\" \/>\n<link rel=\"canonical\" href=\"https:\/\/finkalo.com\/es\/sobre-nosotros\/\" \/>\n<meta property=\"og:locale\" content=\"es_ES\" \/>\n<meta property=\"og:type\" content=\"article\" \/>\n<meta property=\"og:title\" content=\"Sobre nosotros - finkalo.com\" \/>\n<meta property=\"og:description\" content=\"\ud83c\udfe1 Sobre Finkalo En Finkalo conectamos a los due\u00f1os de propiedades con viajeros que buscan experiencias aut\u00e9nticas y c\u00f3modas.Somos una plataforma de reservas especializada en fincas, casas campestres, quintas, glampings, villas y caba\u00f1as, dise\u00f1ada para ofrecerte un acceso r\u00e1pido, sencillo y sin complicaciones. Nuestro objetivo es que tanto anfitriones como hu\u00e9spedes disfruten de una experiencia ...\" \/>\n<meta property=\"og:url\" content=\"https:\/\/finkalo.com\/es\/sobre-nosotros\/\" \/>\n<meta property=\"og:site_name\" content=\"finkalo.com\" \/>\n<meta property=\"article:modified_time\" content=\"2025-11-02T23:24:00+00:00\" \/>\n<meta property=\"og:image\" content=\"https:\/\/finkalo.com\/wp-content\/uploads\/2025\/12\/Png-FINKALO-1.png\" \/>\n\t<meta property=\"og:image:width\" content=\"1024\" \/>\n\t<meta property=\"og:image:height\" content=\"1024\" \/>\n\t<meta property=\"og:image:type\" content=\"image\/png\" \/>\n<meta name=\"twitter:card\" content=\"summary_large_image\" \/>\n<meta name=\"twitter:label1\" content=\"Tiempo de lectura\" \/>\n\t<meta name=\"twitter:data1\" content=\"1 minuto\" \/>\n<script type=\"application\/ld+json\" class=\"yoast-schema-graph\">{\"@context\":\"https:\/\/schema.org\",\"@graph\":[{\"@type\":\"WebPage\",\"@id\":\"https:\/\/finkalo.com\/es\/sobre-nosotros\/\",\"url\":\"https:\/\/finkalo.com\/es\/sobre-nosotros\/\",\"name\":\"Sobre nosotros - finkalo.com\",\"isPartOf\":{\"@id\":\"https:\/\/finkalo.com\/#website\"},\"datePublished\":\"2025-10-21T03:46:14+00:00\",\"dateModified\":\"2025-11-02T23:24:00+00:00\",\"breadcrumb\":{\"@id\":\"https:\/\/finkalo.com\/es\/sobre-nosotros\/#breadcrumb\"},\"inLanguage\":\"es-CO\",\"potentialAction\":[{\"@type\":\"ReadAction\",\"target\":[\"https:\/\/finkalo.com\/es\/sobre-nosotros\/\"]}]},{\"@type\":\"BreadcrumbList\",\"@id\":\"https:\/\/finkalo.com\/es\/sobre-nosotros\/#breadcrumb\",\"itemListElement\":[{\"@type\":\"ListItem\",\"position\":1,\"name\":\"Inicio\",\"item\":\"https:\/\/finkalo.com\/\"},{\"@type\":\"ListItem\",\"position\":2,\"name\":\"Sobre nosotros\"}]},{\"@type\":\"WebSite\",\"@id\":\"https:\/\/finkalo.com\/#website\",\"url\":\"https:\/\/finkalo.com\/\",\"name\":\"Finkalo\",\"description\":\"Alquiler de fincas en Colombia\",\"publisher\":{\"@id\":\"https:\/\/finkalo.com\/#organization\"},\"alternateName\":\"finkalo\",\"potentialAction\":[{\"@type\":\"SearchAction\",\"target\":{\"@type\":\"EntryPoint\",\"urlTemplate\":\"https:\/\/finkalo.com\/?s={search_term_string}\"},\"query-input\":{\"@type\":\"PropertyValueSpecification\",\"valueRequired\":true,\"valueName\":\"search_term_string\"}}],\"inLanguage\":\"es-CO\"},{\"@type\":\"Organization\",\"@id\":\"https:\/\/finkalo.com\/#organization\",\"name\":\"Finkalo\",\"url\":\"https:\/\/finkalo.com\/\",\"logo\":{\"@type\":\"ImageObject\",\"inLanguage\":\"es-CO\",\"@id\":\"https:\/\/finkalo.com\/#\/schema\/logo\/image\/\",\"url\":\"https:\/\/finkalo.com\/wp-content\/uploads\/2025\/12\/Png-FINKALO-1.png\",\"contentUrl\":\"https:\/\/finkalo.com\/wp-content\/uploads\/2025\/12\/Png-FINKALO-1.png\",\"width\":1024,\"height\":1024,\"caption\":\"Finkalo\"},\"image\":{\"@id\":\"https:\/\/finkalo.com\/#\/schema\/logo\/image\/\"}}]}<\/script>\n<!-- \/ Yoast SEO plugin. -->","yoast_head_json":{"title":"Sobre nosotros - finkalo.com","robots":{"index":"index","follow":"follow","max-snippet":"max-snippet:-1","max-image-preview":"max-image-preview:large","max-video-preview":"max-video-preview:-1"},"canonical":"https:\/\/finkalo.com\/es\/sobre-nosotros\/","og_locale":"es_ES","og_type":"article","og_title":"Sobre nosotros - finkalo.com","og_description":"\ud83c\udfe1 Sobre Finkalo En Finkalo conectamos a los due\u00f1os de propiedades con viajeros que buscan experiencias aut\u00e9nticas y c\u00f3modas.Somos una plataforma de reservas especializada en fincas, casas campestres, quintas, glampings, villas y caba\u00f1as, dise\u00f1ada para ofrecerte un acceso r\u00e1pido, sencillo y sin complicaciones. Nuestro objetivo es que tanto anfitriones como hu\u00e9spedes disfruten de una experiencia ...","og_url":"https:\/\/finkalo.com\/es\/sobre-nosotros\/","og_site_name":"finkalo.com","article_modified_time":"2025-11-02T23:24:00+00:00","og_image":[{"width":1024,"height":1024,"url":"https:\/\/finkalo.com\/wp-content\/uploads\/2025\/12\/Png-FINKALO-1.png","type":"image\/png"}],"twitter_card":"summary_large_image","twitter_misc":{"Tiempo de lectura":"1 minuto"},"schema":{"@context":"https:\/\/schema.org","@graph":[{"@type":"WebPage","@id":"https:\/\/finkalo.com\/es\/sobre-nosotros\/","url":"https:\/\/finkalo.com\/es\/sobre-nosotros\/","name":"Sobre nosotros - finkalo.com","isPartOf":{"@id":"https:\/\/finkalo.com\/#website"},"datePublished":"2025-10-21T03:46:14+00:00","dateModified":"2025-11-02T23:24:00+00:00","breadcrumb":{"@id":"https:\/\/finkalo.com\/es\/sobre-nosotros\/#breadcrumb"},"inLanguage":"es-CO","potentialAction":[{"@type":"ReadAction","target":["https:\/\/finkalo.com\/es\/sobre-nosotros\/"]}]},{"@type":"BreadcrumbList","@id":"https:\/\/finkalo.com\/es\/sobre-nosotros\/#breadcrumb","itemListElement":[{"@type":"ListItem","position":1,"name":"Inicio","item":"https:\/\/finkalo.com\/"},{"@type":"ListItem","position":2,"name":"Sobre nosotros"}]},{"@type":"WebSite","@id":"https:\/\/finkalo.com\/#website","url":"https:\/\/finkalo.com\/","name":"Finkalo","description":"Alquiler de fincas en Colombia","publisher":{"@id":"https:\/\/finkalo.com\/#organization"},"alternateName":"finkalo","potentialAction":[{"@type":"SearchAction","target":{"@type":"EntryPoint","urlTemplate":"https:\/\/finkalo.com\/?s={search_term_string}"},"query-input":{"@type":"PropertyValueSpecification","valueRequired":true,"valueName":"search_term_string"}}],"inLanguage":"es-CO"},{"@type":"Organization","@id":"https:\/\/finkalo.com\/#organization","name":"Finkalo","url":"https:\/\/finkalo.com\/","logo":{"@type":"ImageObject","inLanguage":"es-CO","@id":"https:\/\/finkalo.com\/#\/schema\/logo\/image\/","url":"https:\/\/finkalo.com\/wp-content\/uploads\/2025\/12\/Png-FINKALO-1.png","contentUrl":"https:\/\/finkalo.com\/wp-content\/uploads\/2025\/12\/Png-FINKALO-1.png","width":1024,"height":1024,"caption":"Finkalo"},"image":{"@id":"https:\/\/finkalo.com\/#\/schema\/logo\/image\/"}}]}},"_hostinger_reach_plugin_has_subscription_block":false,"_hostinger_reach_plugin_is_elementor":false,"_links":{"self":[{"href":"https:\/\/finkalo.com\/es\/wp-json\/wp\/v2\/pages\/36811","targetHints":{"allow":["GET"]}}],"collection":[{"href":"https:\/\/finkalo.com\/es\/wp-json\/wp\/v2\/pages"}],"about":[{"href":"https:\/\/finkalo.com\/es\/wp-json\/wp\/v2\/types\/page"}],"author":[{"embeddable":true,"href":"https:\/\/finkalo.com\/es\/wp-json\/wp\/v2\/users\/1"}],"replies":[{"embeddable":true,"href":"https:\/\/finkalo.com\/es\/wp-json\/wp\/v2\/comments?post=36811"}],"version-history":[{"count":32,"href":"https:\/\/finkalo.com\/es\/wp-json\/wp\/v2\/pages\/36811\/revisions"}],"predecessor-version":[{"id":37630,"href":"https:\/\/finkalo.com\/es\/wp-json\/wp\/v2\/pages\/36811\/revisions\/37630"}],"wp:attachment":[{"href":"https:\/\/finkalo.com\/es\/wp-json\/wp\/v2\/media?parent=36811"}],"curies":[{"name":"wp","href":"https:\/\/api.w.org\/{rel}","templated":true}]}}