{"id":37573,"date":"2025-11-02T17:32:20","date_gmt":"2025-11-02T22:32:20","guid":{"rendered":"https:\/\/finkalo.com\/?page_id=37573"},"modified":"2025-11-02T17:44:08","modified_gmt":"2025-11-02T22:44:08","slug":"politicas-de-cancelacion-y-reembolso","status":"publish","type":"page","link":"https:\/\/finkalo.com\/es\/politicas-de-cancelacion-y-reembolso\/","title":{"rendered":"Pol\u00edticas de cancelaci\u00f3n y reembolso"},"content":{"rendered":"<div data-elementor-type=\"wp-page\" data-elementor-id=\"37573\" class=\"elementor elementor-37573\">\n\t\t\t\t<div class=\"elementor-element elementor-element-4df9644 e-flex e-con-boxed e-con e-parent\" data-id=\"4df9644\" data-element_type=\"container\" data-e-type=\"container\">\n\t\t\t\t\t<div class=\"e-con-inner\">\n\t\t\t\t<div class=\"elementor-element elementor-element-1325ed8 elementor-widget elementor-widget-text-editor\" data-id=\"1325ed8\" data-element_type=\"widget\" data-e-type=\"widget\" data-widget_type=\"text-editor.default\">\n\t\t\t\t\t\t\t\t\t<p>En FINKALO buscamos proteger tanto a los anfitriones como a los hu\u00e9spedes, garantizando una experiencia segura y confiable. Por esta raz\u00f3n, establecemos las siguientes pol\u00edticas:<\/p><p>Cancelaci\u00f3n por parte del hu\u00e9sped: <br \/>1. Cancelaci\u00f3n dentro de las primeras 24 horas despu\u00e9s de reservar<br \/>\u2022 El hu\u00e9sped recibir\u00e1 un reembolso del 90% del valor total de la reserva.<br \/>\u2022 El 10% restante corresponde a costos administrativos y de pasarela de pagos.<br \/>\u2022 El reembolso ser\u00e1 procesado en un plazo m\u00e1ximo de 5 d\u00edas h\u00e1biles.<br \/>2. Cancelaci\u00f3n dentro de los 5 d\u00edas despu\u00e9s de realizada la reserva<br \/>\u2022 Si el hu\u00e9sped cancela dentro de los primeros cinco (5) d\u00edas posteriores a la realizaci\u00f3n de la reserva, tendr\u00e1 derecho a un reembolso del cincuenta por ciento (50%) del valor total pagado.<br \/>* \u2060Si la cancelaci\u00f3n se realiza despu\u00e9s de los cinco (5) d\u00edas de efectuada la reserva, no habr\u00e1 lugar a reembolso.<br \/>\u2022 En casos excepcionales (como enfermedad grave, fuerza mayor o situaciones debidamente justificadas), el hu\u00e9sped podr\u00e1 comunicarse con FINKALO a trav\u00e9s de la plataforma para solicitar alternativas, las cuales estar\u00e1n sujetas a validaci\u00f3n por parte del establecimiento.<\/p><p>Cancelaci\u00f3n por parte del anfitri\u00f3n: <br \/>\u2022 En caso de que el anfitri\u00f3n cancele una reserva ya confirmada, el hu\u00e9sped recibir\u00e1 un reembolso del 100% del valor pagado.<br \/>\u2022 Este reembolso ser\u00e1 procesado en un plazo m\u00e1ximo de 5 d\u00edas h\u00e1biles.<br \/>\u2022 Adem\u00e1s, FINKALO podr\u00e1 aplicar penalizaciones al anfitri\u00f3n en caso de cancelaciones reiteradas sin justificaci\u00f3n v\u00e1lida.<\/p><p>Consideraciones generales:<br \/>\u2022 Todos los reembolsos se realizan a trav\u00e9s del mismo m\u00e9todo de pago utilizado en la reserva.<br \/>\u2022 El tiempo de acreditaci\u00f3n depender\u00e1 del banco o entidad financiera del hu\u00e9sped.<br \/>\u2022 En ning\u00fan caso FINKALO reembolsa las comisiones cobradas por la pasarela de pagos m\u00e1s all\u00e1 de lo estipulado en estas pol\u00edticas.\u00a0<\/p>\t\t\t\t\t\t\t\t<\/div>\n\t\t\t\t\t<\/div>\n\t\t\t\t<\/div>\n\t\t\t\t<\/div>","protected":false},"excerpt":{"rendered":"<p>En FINKALO buscamos proteger tanto a los anfitriones como a los hu\u00e9spedes, garantizando una experiencia segura y confiable. Por esta raz\u00f3n, establecemos las siguientes pol\u00edticas: Cancelaci\u00f3n por parte del hu\u00e9sped: 1. Cancelaci\u00f3n dentro de las primeras 24 horas despu\u00e9s de reservar\u2022 El hu\u00e9sped recibir\u00e1 un reembolso del 90% del valor total de la reserva.\u2022 El &#8230;<\/p>","protected":false},"author":1,"featured_media":0,"parent":0,"menu_order":0,"comment_status":"closed","ping_status":"closed","template":"","meta":{"inline_featured_image":false,"footnotes":""},"class_list":["post-37573","page","type-page","status-publish","hentry"],"yoast_head":"<!-- This site is optimized with the Yoast SEO plugin v27.2 - https:\/\/yoast.com\/product\/yoast-seo-wordpress\/ -->\n<title>Pol\u00edticas de cancelaci\u00f3n y reembolso - finkalo.com<\/title>\n<meta name=\"robots\" content=\"index, follow, max-snippet:-1, max-image-preview:large, max-video-preview:-1\" \/>\n<link rel=\"canonical\" href=\"https:\/\/finkalo.com\/es\/politicas-de-cancelacion-y-reembolso\/\" \/>\n<meta property=\"og:locale\" content=\"es_ES\" \/>\n<meta property=\"og:type\" content=\"article\" \/>\n<meta property=\"og:title\" content=\"Pol\u00edticas de cancelaci\u00f3n y reembolso - finkalo.com\" \/>\n<meta property=\"og:description\" content=\"En FINKALO buscamos proteger tanto a los anfitriones como a los hu\u00e9spedes, garantizando una experiencia segura y confiable. Por esta raz\u00f3n, establecemos las siguientes pol\u00edticas: Cancelaci\u00f3n por parte del hu\u00e9sped: 1. Cancelaci\u00f3n dentro de las primeras 24 horas despu\u00e9s de reservar\u2022 El hu\u00e9sped recibir\u00e1 un reembolso del 90% del valor total de la reserva.\u2022 El ...\" \/>\n<meta property=\"og:url\" content=\"https:\/\/finkalo.com\/es\/politicas-de-cancelacion-y-reembolso\/\" \/>\n<meta property=\"og:site_name\" content=\"finkalo.com\" \/>\n<meta property=\"article:modified_time\" content=\"2025-11-02T22:44:08+00:00\" \/>\n<meta property=\"og:image\" content=\"https:\/\/finkalo.com\/wp-content\/uploads\/2025\/12\/Png-FINKALO-1.png\" \/>\n\t<meta property=\"og:image:width\" content=\"1024\" \/>\n\t<meta property=\"og:image:height\" content=\"1024\" \/>\n\t<meta property=\"og:image:type\" content=\"image\/png\" \/>\n<meta name=\"twitter:card\" content=\"summary_large_image\" \/>\n<meta name=\"twitter:label1\" content=\"Tiempo de lectura\" \/>\n\t<meta name=\"twitter:data1\" content=\"2 minutos\" \/>\n<script type=\"application\/ld+json\" class=\"yoast-schema-graph\">{\"@context\":\"https:\/\/schema.org\",\"@graph\":[{\"@type\":\"WebPage\",\"@id\":\"https:\/\/finkalo.com\/politicas-de-cancelacion-y-reembolso\/\",\"url\":\"https:\/\/finkalo.com\/politicas-de-cancelacion-y-reembolso\/\",\"name\":\"Pol\u00edticas de cancelaci\u00f3n y reembolso - finkalo.com\",\"isPartOf\":{\"@id\":\"https:\/\/finkalo.com\/#website\"},\"datePublished\":\"2025-11-02T22:32:20+00:00\",\"dateModified\":\"2025-11-02T22:44:08+00:00\",\"breadcrumb\":{\"@id\":\"https:\/\/finkalo.com\/politicas-de-cancelacion-y-reembolso\/#breadcrumb\"},\"inLanguage\":\"es-CO\",\"potentialAction\":[{\"@type\":\"ReadAction\",\"target\":[\"https:\/\/finkalo.com\/politicas-de-cancelacion-y-reembolso\/\"]}]},{\"@type\":\"BreadcrumbList\",\"@id\":\"https:\/\/finkalo.com\/politicas-de-cancelacion-y-reembolso\/#breadcrumb\",\"itemListElement\":[{\"@type\":\"ListItem\",\"position\":1,\"name\":\"Inicio\",\"item\":\"https:\/\/finkalo.com\/\"},{\"@type\":\"ListItem\",\"position\":2,\"name\":\"Pol\u00edticas de cancelaci\u00f3n y reembolso\"}]},{\"@type\":\"WebSite\",\"@id\":\"https:\/\/finkalo.com\/#website\",\"url\":\"https:\/\/finkalo.com\/\",\"name\":\"Finkalo\",\"description\":\"Alquiler de fincas en Colombia\",\"publisher\":{\"@id\":\"https:\/\/finkalo.com\/#organization\"},\"alternateName\":\"finkalo\",\"potentialAction\":[{\"@type\":\"SearchAction\",\"target\":{\"@type\":\"EntryPoint\",\"urlTemplate\":\"https:\/\/finkalo.com\/?s={search_term_string}\"},\"query-input\":{\"@type\":\"PropertyValueSpecification\",\"valueRequired\":true,\"valueName\":\"search_term_string\"}}],\"inLanguage\":\"es-CO\"},{\"@type\":\"Organization\",\"@id\":\"https:\/\/finkalo.com\/#organization\",\"name\":\"Finkalo\",\"url\":\"https:\/\/finkalo.com\/\",\"logo\":{\"@type\":\"ImageObject\",\"inLanguage\":\"es-CO\",\"@id\":\"https:\/\/finkalo.com\/#\/schema\/logo\/image\/\",\"url\":\"https:\/\/finkalo.com\/wp-content\/uploads\/2025\/12\/Png-FINKALO-1.png\",\"contentUrl\":\"https:\/\/finkalo.com\/wp-content\/uploads\/2025\/12\/Png-FINKALO-1.png\",\"width\":1024,\"height\":1024,\"caption\":\"Finkalo\"},\"image\":{\"@id\":\"https:\/\/finkalo.com\/#\/schema\/logo\/image\/\"}}]}<\/script>\n<!-- \/ Yoast SEO plugin. -->","yoast_head_json":{"title":"Pol\u00edticas de cancelaci\u00f3n y reembolso - finkalo.com","robots":{"index":"index","follow":"follow","max-snippet":"max-snippet:-1","max-image-preview":"max-image-preview:large","max-video-preview":"max-video-preview:-1"},"canonical":"https:\/\/finkalo.com\/es\/politicas-de-cancelacion-y-reembolso\/","og_locale":"es_ES","og_type":"article","og_title":"Pol\u00edticas de cancelaci\u00f3n y reembolso - finkalo.com","og_description":"En FINKALO buscamos proteger tanto a los anfitriones como a los hu\u00e9spedes, garantizando una experiencia segura y confiable. Por esta raz\u00f3n, establecemos las siguientes pol\u00edticas: Cancelaci\u00f3n por parte del hu\u00e9sped: 1. Cancelaci\u00f3n dentro de las primeras 24 horas despu\u00e9s de reservar\u2022 El hu\u00e9sped recibir\u00e1 un reembolso del 90% del valor total de la reserva.\u2022 El ...","og_url":"https:\/\/finkalo.com\/es\/politicas-de-cancelacion-y-reembolso\/","og_site_name":"finkalo.com","article_modified_time":"2025-11-02T22:44:08+00:00","og_image":[{"width":1024,"height":1024,"url":"https:\/\/finkalo.com\/wp-content\/uploads\/2025\/12\/Png-FINKALO-1.png","type":"image\/png"}],"twitter_card":"summary_large_image","twitter_misc":{"Tiempo de lectura":"2 minutos"},"schema":{"@context":"https:\/\/schema.org","@graph":[{"@type":"WebPage","@id":"https:\/\/finkalo.com\/politicas-de-cancelacion-y-reembolso\/","url":"https:\/\/finkalo.com\/politicas-de-cancelacion-y-reembolso\/","name":"Pol\u00edticas de cancelaci\u00f3n y reembolso - finkalo.com","isPartOf":{"@id":"https:\/\/finkalo.com\/#website"},"datePublished":"2025-11-02T22:32:20+00:00","dateModified":"2025-11-02T22:44:08+00:00","breadcrumb":{"@id":"https:\/\/finkalo.com\/politicas-de-cancelacion-y-reembolso\/#breadcrumb"},"inLanguage":"es-CO","potentialAction":[{"@type":"ReadAction","target":["https:\/\/finkalo.com\/politicas-de-cancelacion-y-reembolso\/"]}]},{"@type":"BreadcrumbList","@id":"https:\/\/finkalo.com\/politicas-de-cancelacion-y-reembolso\/#breadcrumb","itemListElement":[{"@type":"ListItem","position":1,"name":"Inicio","item":"https:\/\/finkalo.com\/"},{"@type":"ListItem","position":2,"name":"Pol\u00edticas de cancelaci\u00f3n y reembolso"}]},{"@type":"WebSite","@id":"https:\/\/finkalo.com\/#website","url":"https:\/\/finkalo.com\/","name":"Finkalo","description":"Alquiler de fincas en Colombia","publisher":{"@id":"https:\/\/finkalo.com\/#organization"},"alternateName":"finkalo","potentialAction":[{"@type":"SearchAction","target":{"@type":"EntryPoint","urlTemplate":"https:\/\/finkalo.com\/?s={search_term_string}"},"query-input":{"@type":"PropertyValueSpecification","valueRequired":true,"valueName":"search_term_string"}}],"inLanguage":"es-CO"},{"@type":"Organization","@id":"https:\/\/finkalo.com\/#organization","name":"Finkalo","url":"https:\/\/finkalo.com\/","logo":{"@type":"ImageObject","inLanguage":"es-CO","@id":"https:\/\/finkalo.com\/#\/schema\/logo\/image\/","url":"https:\/\/finkalo.com\/wp-content\/uploads\/2025\/12\/Png-FINKALO-1.png","contentUrl":"https:\/\/finkalo.com\/wp-content\/uploads\/2025\/12\/Png-FINKALO-1.png","width":1024,"height":1024,"caption":"Finkalo"},"image":{"@id":"https:\/\/finkalo.com\/#\/schema\/logo\/image\/"}}]}},"_hostinger_reach_plugin_has_subscription_block":false,"_hostinger_reach_plugin_is_elementor":false,"_links":{"self":[{"href":"https:\/\/finkalo.com\/es\/wp-json\/wp\/v2\/pages\/37573","targetHints":{"allow":["GET"]}}],"collection":[{"href":"https:\/\/finkalo.com\/es\/wp-json\/wp\/v2\/pages"}],"about":[{"href":"https:\/\/finkalo.com\/es\/wp-json\/wp\/v2\/types\/page"}],"author":[{"embeddable":true,"href":"https:\/\/finkalo.com\/es\/wp-json\/wp\/v2\/users\/1"}],"replies":[{"embeddable":true,"href":"https:\/\/finkalo.com\/es\/wp-json\/wp\/v2\/comments?post=37573"}],"version-history":[{"count":7,"href":"https:\/\/finkalo.com\/es\/wp-json\/wp\/v2\/pages\/37573\/revisions"}],"predecessor-version":[{"id":37581,"href":"https:\/\/finkalo.com\/es\/wp-json\/wp\/v2\/pages\/37573\/revisions\/37581"}],"wp:attachment":[{"href":"https:\/\/finkalo.com\/es\/wp-json\/wp\/v2\/media?parent=37573"}],"curies":[{"name":"wp","href":"https:\/\/api.w.org\/{rel}","templated":true}]}}